{"id":2993,"date":"2025-07-26T17:26:11","date_gmt":"2025-07-26T17:26:11","guid":{"rendered":"https:\/\/editorialip.ssi-soluciones.com\/?page_id=2993"},"modified":"2026-02-12T21:59:41","modified_gmt":"2026-02-12T21:59:41","slug":"home","status":"publish","type":"page","link":"https:\/\/editorialip.com\/tienda\/","title":{"rendered":"Home"},"content":{"rendered":"<div class=\"wpb-content-wrapper\"><p>[vc_row full_width=\u00bbstretch_row\u00bb content_placement=\u00bbtop\u00bb][vc_column][vc_row_inner][vc_column_inner]\n\t\t\t\t<p class=\"rs-p-wp-fix\"><\/p>\n\t\t\t\t<sr7-module data-alias=\"ban-1\" data-id=\"24\" id=\"SR7_24_1\" class=\"rs-ov-hidden\" data-version=\"6.7.34\">\n\t\t\t\t\t<sr7-adjuster><\/sr7-adjuster>\n\t\t\t\t\t<sr7-content>\n\t\t\t\t\t\t<sr7-slide id=\"SR7_24_1-57\" data-key=\"57\">\n\t\t\t\t\t\t\t<sr7-bg id=\"SR7_24_1-57-1\" class=\"sr7-layer\"><noscript><img decoding=\"async\" src=\"https:\/\/editorialip.com\/tienda\/wp-content\/uploads\/2026\/02\/Ecosistema_360_IP2-1.png\" alt=\"\" title=\"Ecosistema_360_IP2\"><\/noscript><\/sr7-bg>\n\t\t\t\t\t\t<\/sr7-slide>\n\t\t\t\t\t\t<sr7-slide id=\"SR7_24_1-47\" data-key=\"47\">\n\t\t\t\t\t\t\t<sr7-bg id=\"SR7_24_1-47-1\" class=\"sr7-layer\"><noscript><img decoding=\"async\" src=\"https:\/\/editorialip.com\/tienda\/wp-content\/uploads\/2025\/10\/ba10.png\" alt=\"\" title=\"ba10\"><\/noscript><\/sr7-bg>\n\t\t\t\t\t\t<\/sr7-slide>\n\t\t\t\t\t\t<sr7-slide id=\"SR7_24_1-49\" data-key=\"49\">\n\t\t\t\t\t\t\t<sr7-bg id=\"SR7_24_1-49-1\" class=\"sr7-layer\"><noscript><img decoding=\"async\" src=\"https:\/\/editorialip.com\/tienda\/wp-content\/uploads\/2025\/10\/ba20.png\" alt=\"\" title=\"ba20\"><\/noscript><\/sr7-bg>\n\t\t\t\t\t\t<\/sr7-slide>\n\t\t\t\t\t\t<sr7-slide id=\"SR7_24_1-50\" data-key=\"50\">\n\t\t\t\t\t\t\t<sr7-bg id=\"SR7_24_1-50-1\" class=\"sr7-layer\"><noscript><img decoding=\"async\" src=\"https:\/\/editorialip.com\/tienda\/wp-content\/uploads\/2025\/10\/ba30.png\" alt=\"\" title=\"ba30\"><\/noscript><\/sr7-bg>\n\t\t\t\t\t\t<\/sr7-slide>\n\t\t\t\t\t\t<sr7-slide id=\"SR7_24_1-51\" data-key=\"51\">\n\t\t\t\t\t\t\t<sr7-bg id=\"SR7_24_1-51-1\" class=\"sr7-layer\"><noscript><img decoding=\"async\" src=\"https:\/\/editorialip.com\/tienda\/wp-content\/uploads\/2025\/10\/ba40.png\" alt=\"\" title=\"ba40\"><\/noscript><\/sr7-bg>\n\t\t\t\t\t\t<\/sr7-slide>\n\t\t\t\t\t\t<sr7-slide id=\"SR7_24_1-48\" data-key=\"48\">\n\t\t\t\t\t\t<\/sr7-slide>\n\t\t\t\t\t<\/sr7-content>\n\t\t\t\t\t<image_lists style=\"display:none\">\n\t\t\t\t\t\t<img data-src=\"\/\/editorialip.com\/tienda\/wp-content\/uploads\/2025\/10\/ba10.png\" data-libid=\"3920\" data-lib=\"medialibrary\" title=\"ba10\" width=\"0\" height=\"0\" data-dbsrc=\"Ly9lZGl0b3JpYWxpcC5jb20vdGllbmRhL3dwLWNvbnRlbnQvdXBsb2Fkcy8yMDI1LzEwL2JhMTAucG5n\"\/>\n\t\t\t\t\t\t<img data-src=\"\/\/editorialip.com\/tienda\/wp-content\/uploads\/2025\/10\/ba20.png\" data-libid=\"3921\" data-lib=\"medialibrary\" title=\"ba20\" width=\"0\" height=\"0\" data-dbsrc=\"Ly9lZGl0b3JpYWxpcC5jb20vdGllbmRhL3dwLWNvbnRlbnQvdXBsb2Fkcy8yMDI1LzEwL2JhMjAucG5n\"\/>\n\t\t\t\t\t\t<img data-src=\"\/\/editorialip.com\/tienda\/wp-content\/uploads\/2025\/10\/ba30.png\" data-libid=\"3922\" data-lib=\"medialibrary\" title=\"ba30\" width=\"0\" height=\"0\" data-dbsrc=\"Ly9lZGl0b3JpYWxpcC5jb20vdGllbmRhL3dwLWNvbnRlbnQvdXBsb2Fkcy8yMDI1LzEwL2JhMzAucG5n\"\/>\n\t\t\t\t\t\t<img data-src=\"\/\/editorialip.com\/tienda\/wp-content\/uploads\/2025\/10\/ba40.png\" data-libid=\"3923\" data-lib=\"medialibrary\" title=\"ba40\" width=\"0\" height=\"0\" data-dbsrc=\"Ly9lZGl0b3JpYWxpcC5jb20vdGllbmRhL3dwLWNvbnRlbnQvdXBsb2Fkcy8yMDI1LzEwL2JhNDAucG5n\"\/>\n\t\t\t\t\t\t<img data-src=\"\/\/editorialip.com\/tienda\/wp-content\/uploads\/2026\/02\/Ecosistema_360_IP2-1.png\" data-libid=\"3974\" data-lib=\"medialibrary\" title=\"Ecosistema_360_IP2\" width=\"0\" height=\"0\" data-dbsrc=\"Ly9lZGl0b3JpYWxpcC5jb20vdGllbmRhL3dwLWNvbnRlbnQvdXBsb2Fkcy8yMDI2LzAyL0Vjb3Npc3RlbWFfMzYwX0lQMi0xLnBuZw==\"\/>\n\t\t\t\t\t<\/image_lists>\n\t\t\t\t<\/sr7-module>\n\t\t\t\t<script>\n\t\t\t\t\tSR7.PMH ??={}; SR7.PMH[\"SR7_24_1\"] = {cn:100,state:false,fn: function() { if (_tpt!==undefined && _tpt.prepareModuleHeight !== undefined) {  _tpt.prepareModuleHeight({id:\"SR7_24_1\",el:[800,800,767,960,720],type:'standard',shdw:'0',gh:[800,800,768,960,720],gw:[1300,1300,1024,950,750],vpt:['-100px&#039;,&#039;-100px&#039;,&#039;-100px&#039;,&#039;-100px&#039;,&#039;-100px'],size:{fullWidth:true, fullHeight:false},mh:'0',onh:45,onw:0,bg:{color:'{\"orig\":\"transparent\",\"type\":\"solid\",\"string\":\"transparent\"}'}});   SR7.PMH[\"SR7_24_1\"].state=true;} else if(SR7.PMH[\"SR7_24_1\"].cn-->0)\tsetTimeout( SR7.PMH[\"SR7_24_1\"].fn,19);}};SR7.PMH[\"SR7_24_1\" ].fn();\n\t\t\t\t<\/script>\n[\/vc_column_inner][\/vc_row_inner][\/vc_column][\/vc_row][vc_row full_width=\u00bbstretch_row\u00bb background_color=\u00bbcustom\u00bb custom_background_color=\u00bb#00000000&#8243;][vc_column][tm_spacer size=\u00bblg:60&#8243;][\/vc_column][\/vc_row][vc_row][vc_column width=\u00bb1\/2&#8243;][tm_heading style=\u00bbmodern\u00bb custom_google_font=\u00bb\u00bb text_color=\u00bbcustom\u00bb custom_text_color=\u00bb#ababab\u00bb]NUESTRA EMPRESA[\/tm_heading][tm_spacer size=\u00bblg:25&#8243;][tm_heading tag=\u00bbh4&#8243; custom_google_font=\u00bb\u00bb font_size=\u00bbsm:20;md:26;lg:32&#8243; line_height=\u00bb1.4&#8243; max_width=\u00bb670px\u00bb]En Editorial IP, <mark>creemos en el<br \/>\naprendizaje con tecnolog\u00eda debe ser<br \/>\nreal,<\/mark> aplicable y sostenible.[\/tm_heading][tm_spacer size=\u00bblg:36&#8243;][tm_accordion style=\u00bb02&#8243; items=\u00bb%5B%7B%22title%22%3A%22Nosotros%22%2C%22content%22%3A%22En%20Editorial%20IP%20nosotros%20promovemos%20la%20innovaci%C3%B3n%20educativa%20a%20trav%C3%A9s%20de%20propuestas%20STEAM%20que%20integran%20rob%C3%B3tica%2C%20programaci%C3%B3n%2C%20electr%C3%B3nica%2C%20fabricaci%C3%B3n%20digital%20e%20inteligencia%20artificial%2C%20dirigidas%20a%20estudiantes%20desde%20inicial%20hasta%20secundaria.%20Ofrecemos%20soluciones%20integrales%20con%20recursos%20curriculares%2C%20capacitaci%C3%B3n%20docente%2C%20laboratorios%20y%20plataformas%20virtuales%20que%20potencian%20el%20aprendizaje%20y%20la%20creatividad%20en%20las%20aulas.%22%7D%2C%7B%22title%22%3A%22Misi%C3%B3n%22%2C%22content%22%3A%22Ofrecemos%20programas%20y%20materiales%20educativos%20innovadores%20en%20STEAM%20y%20tecnolog%C3%ADa%20que%20integran%20teor%C3%ADa%20y%20pr%C3%A1ctica%2C%20desarrollando%20en%20estudiantes%20y%20docentes%20habilidades%20t%C3%A9cnicas%2C%20pensamiento%20cr%C3%ADtico%2C%20creatividad%20y%20emprendimiento%2C%20con%20respaldo%20acad%C3%A9mico%20y%20acompa%C3%B1amiento%20continuo.%22%7D%2C%7B%22title%22%3A%22Visi%C3%B3n%22%2C%22content%22%3A%22Ser%20un%20referente%20nacional%20en%20educaci%C3%B3n%20STEAM%20y%20digital%2C%20transformando%20los%20espacios%20educativos%20en%20aulas%20del%20futuro%20que%20impulsen%20innovaci%C3%B3n%2C%20inclusi%C3%B3n%20tecnol%C3%B3gica%20y%20formaci%C3%B3n%20integral%20para%20formar%20agentes%20de%20cambio%20en%20un%20mundo%20en%20constante%20evoluci%C3%B3n.%22%7D%2C%7B%22title%22%3A%22Valores%22%2C%22content%22%3A%22%3Ci%20class%3D%5C%22fa-regular%20fa-check%20fa-lg%5C%22%20style%3D%5C%22color%3A%20%2359b155%3B%5C%22%3E%3C%2Fi%3E%20%3Cstrong%20style%3D%5C%22font-weight%3A%20bold%3B%20color%3A%20black%3B%20padding-left%3A%205px%3B%5C%22%3EInnovaci%C3%B3n%3C%2Fstrong%3E%3Cbr%3E%5CnCreatividad%20y%20uso%20de%20nuevas%20tecnolog%C3%ADas%20para%20enriquecer%20el%20aprendizaje.%3Cbr%3E%3Cbr%3E%5Cn%5Cn%3Ci%20class%3D%5C%22fa-regular%20fa-check%20fa-lg%5C%22%20style%3D%5C%22color%3A%20%2359b155%3B%5C%22%3E%3C%2Fi%3E%20%3Cstrong%20style%3D%5C%22font-weight%3A%20bold%3B%20color%3A%20black%3B%20padding-left%3A%205px%3B%5C%22%3ECalidad%3C%2Fstrong%3E%3Cbr%3E%5CnContenidos%20y%20programas%20con%20rigor%20acad%C3%A9mico%20certificado.%3Cbr%3E%3Cbr%3E%5Cn%5Cn%3Ci%20class%3D%5C%22fa-regular%20fa-check%20fa-lg%5C%22%20style%3D%5C%22color%3A%20%2359b155%3B%5C%22%3E%3C%2Fi%3E%20%3Cstrong%20style%3D%5C%22font-weight%3A%20bold%3B%20color%3A%20black%3B%20padding-left%3A%205px%3B%5C%22%3EInclusi%C3%B3n%3C%2Fstrong%3E%3Cbr%3E%20%5CnAcceso%20temprano%20a%20herramientas%20y%20conocimientos%20tecnol%C3%B3gicos.%3Cbr%3E%3Cbr%3E%5Cn%5Cn%3Ci%20class%3D%5C%22fa-regular%20fa-check%20fa-lg%5C%22%20style%3D%5C%22color%3A%20%2359b155%3B%5C%22%3E%3C%2Fi%3E%20%3Cstrong%20style%3D%5C%22font-weight%3A%20bold%3B%20color%3A%20black%3B%20padding-left%3A%205px%3B%5C%22%3EColaboraci%C3%B3n%3C%2Fstrong%3E%3Cbr%3E%5CnTrabajo%20conjunto%20con%20docentes%2C%20estudiantes%20y%20comunidades.%5Cn%3Cbr%3E%3Cbr%3E%5Cn%3Ci%20class%3D%5C%22fa-regular%20fa-check%20fa-lg%5C%22%20style%3D%5C%22color%3A%20%2359b155%3B%5C%22%3E%3C%2Fi%3E%20%3Cstrong%20style%3D%5C%22font-weight%3A%20bold%3B%20color%3A%20black%3B%20padding-left%3A%205px%3B%5C%22%3EResponsabilidad%3C%2Fstrong%3E%3Cbr%3E%5CnUso%20%C3%A9tico%20y%20consciente%20de%20la%20tecnolog%C3%ADa%20y%20la%20inteligencia%20artificial.%22%7D%5D\u00bb][\/vc_column][vc_column width=\u00bb1\/2&#8243;][tm_spacer size=\u00bblg:35&#8243;]\n\t\t\t\t<p class=\"rs-p-wp-fix\"><\/p>\n\t\t\t\t<sr7-module data-alias=\"intento-1\" data-id=\"15\" id=\"SR7_15_2\" class=\"rs-ov-hidden\" data-version=\"6.7.34\">\n\t\t\t\t\t<sr7-adjuster><\/sr7-adjuster>\n\t\t\t\t\t<sr7-content>\n\t\t\t\t\t\t<sr7-slide id=\"SR7_15_2-29\" data-key=\"29\">\n\t\t\t\t\t\t\t<sr7-txt id=\"SR7_15_2-29-8\" class=\"sr7-layer\" srscsrc>[tm_popup_video style=\"button-02\" video=\"https:\/\/www.youtube.com\/watch?v=rTJrKfB44E8\"]<\/sr7-txt>\n\t\t\t\t\t\t<\/sr7-slide>\n\t\t\t\t\t\t<sr7-slide id=\"SR7_15_2-31\" data-key=\"31\">\n\t\t\t\t\t\t<\/sr7-slide>\n\t\t\t\t\t<\/sr7-content>\n\t\t\t\t\t<image_lists style=\"display:none\">\n\t\t\t\t\t\t<img data-src=\"\/\/editorialip.com\/tienda\/wp-content\/uploads\/2025\/08\/WhatsApp-Image-2025-08-04-at-14.59.57-1.jpeg\" data-libid=\"3167\" title=\"WhatsApp Image 2025-08-04 at 14.59.57 (1)\" width=\"0\" height=\"0\" data-dbsrc=\"Ly9lZGl0b3JpYWxpcC5jb20vdGllbmRhL3dwLWNvbnRlbnQvdXBsb2Fkcy8yMDI1LzA4L1doYXRzQXBwLUltYWdlLTIwMjUtMDgtMDQtYXQtMTQuNTkuNTctMS5qcGVn\"\/>\n\t\t\t\t\t\t<img data-src=\"\/\/editorialip.com\/tienda\/wp-content\/uploads\/2025\/08\/WhatsApp-Image-2025-08-04-at-14.59.56.jpeg\" data-libid=\"3165\" title=\"WhatsApp Image 2025-08-04 at 14.59.56\" width=\"0\" height=\"0\" data-dbsrc=\"Ly9lZGl0b3JpYWxpcC5jb20vdGllbmRhL3dwLWNvbnRlbnQvdXBsb2Fkcy8yMDI1LzA4L1doYXRzQXBwLUltYWdlLTIwMjUtMDgtMDQtYXQtMTQuNTkuNTYuanBlZw==\"\/>\n\t\t\t\t\t\t<img data-src=\"\/\/editorialip.com\/tienda\/wp-content\/uploads\/2025\/08\/WhatsApp-Image-2025-08-04-at-14.59.56-1.jpeg\" data-libid=\"3166\" title=\"WhatsApp Image 2025-08-04 at 14.59.56 (1)\" width=\"0\" height=\"0\" data-dbsrc=\"Ly9lZGl0b3JpYWxpcC5jb20vdGllbmRhL3dwLWNvbnRlbnQvdXBsb2Fkcy8yMDI1LzA4L1doYXRzQXBwLUltYWdlLTIwMjUtMDgtMDQtYXQtMTQuNTkuNTYtMS5qcGVn\"\/>\n\t\t\t\t\t\t<img data-src=\"\/\/editorialip.com\/tienda\/wp-content\/uploads\/2025\/08\/WhatsApp-Image-2025-08-04-at-14.59.57.jpeg\" data-libid=\"3168\" title=\"WhatsApp Image 2025-08-04 at 14.59.57\" width=\"0\" height=\"0\" data-dbsrc=\"Ly9lZGl0b3JpYWxpcC5jb20vdGllbmRhL3dwLWNvbnRlbnQvdXBsb2Fkcy8yMDI1LzA4L1doYXRzQXBwLUltYWdlLTIwMjUtMDgtMDQtYXQtMTQuNTkuNTcuanBlZw==\"\/>\n\t\t\t\t\t\t<img data-src=\"\/\/editorialip.com\/tienda\/wp-content\/uploads\/2025\/08\/imagen_central.jpeg\" data-libid=\"3164\" title=\"imagen_central\" width=\"0\" height=\"0\" data-dbsrc=\"Ly9lZGl0b3JpYWxpcC5jb20vdGllbmRhL3dwLWNvbnRlbnQvdXBsb2Fkcy8yMDI1LzA4L2ltYWdlbl9jZW50cmFsLmpwZWc=\"\/>\n\t\t\t\t\t<\/image_lists>\n\t\t\t\t<\/sr7-module>\n\t\t\t\t<script>\n\t\t\t\t\tSR7.PMH ??={}; SR7.PMH[\"SR7_15_2\"] = {cn:100,state:false,fn: function() { if (_tpt!==undefined && _tpt.prepareModuleHeight !== undefined) {  _tpt.prepareModuleHeight({id:\"SR7_15_2\",el:[700,700,768,960,720],type:'standard',shdw:'0',gh:[700,700,700,681,420],gw:[800,800,800,778,480],vpt:['-100px'],size:{fullWidth:false, fullHeight:false},mh:'0',onh:0,onw:0,bg:{color:'{\"orig\":\"transparent\",\"type\":\"solid\",\"string\":\"transparent\"}'}});   SR7.PMH[\"SR7_15_2\"].state=true;} else if(SR7.PMH[\"SR7_15_2\"].cn-->0)\tsetTimeout( SR7.PMH[\"SR7_15_2\"].fn,19);}};SR7.PMH[\"SR7_15_2\" ].fn();\n\t\t\t\t<\/script>\n[\/vc_column][\/vc_row][vc_row full_width=\u00bbstretch_row\u00bb background_color=\u00bbcustom\u00bb custom_background_color=\u00bb#00000000&#8243;][vc_column][tm_spacer size=\u00bblg:70&#8243;][\/vc_column][\/vc_row][vc_row full_width=\u00bbstretch_row\u00bb background_color=\u00bbcustom\u00bb overlay_background=\u00bbcustom\u00bb overlay_custom_background=\u00bb#59B155&#8243; overlay_opacity=\u00bb80&#8243; lg_spacing=\u00bbpadding_top:64;padding_bottom:64&#8243; custom_background_color=\u00bb#59B155&#8243; background_image=\u00bb3347&#8243;][vc_column][tm_heading custom_google_font=\u00bb\u00bb font_style=\u00bbitalic\u00bb align=\u00bbcenter\u00bb text_color=\u00bbcustom\u00bb custom_text_color=\u00bb#FFFFFF\u00bb]Nuestro prop\u00f3sito educativo[\/tm_heading][tm_spacer size=\u00bblg:30&#8243;][tm_heading tag=\u00bbh4&#8243; custom_google_font=\u00bb\u00bb align=\u00bbcenter\u00bb text_color=\u00bbcustom\u00bb custom_text_color=\u00bb#FFFFFF\u00bb font_size=\u00bbsm:12;md:16;lg:20&#8243; line_height=\u00bb1.4&#8243; max_width=\u00bb870px\u00bb]Incorporar la rob\u00f3tica y la IA al curr\u00edculo escolar,<br \/>\npreparando a los estudiantes para la era digital y desarrollando sus habilidades cr\u00edticas, creativas y colaborativas. Cada componente se construye sobre el anterior,<br \/>\ngarantizando una implementaci\u00f3n efectiva y un impacto duradero.[\/tm_heading][\/vc_column][\/vc_row][vc_row][vc_column][tm_spacer size=\u00bbxs:30;sm:100;lg:120&#8243;][tm_heading style=\u00bbcommon\u00bb tag=\u00bbh4&#8243; custom_google_font=\u00bb\u00bb font_weight=\u00bb600&#8243; align=\u00bbcenter\u00bb text_color=\u00bbcustom\u00bb custom_text_color=\u00bb#FF6600&#8243; font_size=\u00bbxs:20;sm:28;md:34;lg:40&#8243; line_height=\u00bb1.4&#8243; max_width=\u00bb570px\u00bb]Los 5 pilares que llevan la<mark><br \/>\neducaci\u00f3n del aula al futuro.<\/mark>[\/tm_heading][tm_spacer size=\u00bbxs:30;lg:84&#8243;][tm_list list_style=\u00bbcheck-02&#8243; marker_color=\u00bbprimary\u00bb title_color=\u00bbprimary\u00bb columns=\u00bbxs:1;lg:2&#8243; items=\u00bb%5B%7B%22item_title%22%3A%22Rob%C3%B3tica%20Educativa%22%2C%22item_desc%22%3A%22Inspiramos%20a%20los%20estudiantes%20a%20crear%20prototipos%20con%20robots%20educativos%20y%20piezas%20de%20LEGO%2C%20desarrollando%20habilidades%20STEAM%20desde%20sus%20primeros%20a%C3%B1os.%20Aprenden%20sobre%20estructuras%2C%20engranajes%2C%20sensores%20y%20programaci%C3%B3n%20visual%2C%20despertando%20su%20creatividad%20y%20capacidad%20para%20resolver%20retos%20reales.%20Construir%20es%20aprender.%22%7D%2C%7B%22item_title%22%3A%22Inteligencia%20Artificial%22%2C%22link%22%3A%22%7C%7C%7C%22%2C%22item_desc%22%3A%22%20Integramos%20herramientas%20de%20IA%20generativa%20como%20recurso%20creativo%20para%20imaginar%2C%20dise%C3%B1ar%20y%20expresar%20ideas.%20Los%20estudiantes%20aprenden%20a%20usar%20la%20IA%20para%20crear%20historias%2C%20im%C3%A1genes%20o%20soluciones%2C%20siempre%20bajo%20un%20marco%20%C3%A9tico%2C%20responsable%20y%20educativo.%20Imagina%2C%20dise%C3%B1a%20y%20crea.%22%7D%2C%7B%22item_title%22%3A%22Arduino%20y%20Electr%C3%B3nica%20creativa%22%2C%22item_desc%22%3A%22Guiamos%20al%20estudiante%20desde%20lo%20m%C3%A1s%20b%C3%A1sico%20(LEDs%2C%20sensores)%20hasta%20proyectos%20complejos%20como%20dom%C3%B3tica%2C%20veh%C3%ADculos%20aut%C3%B3nomos%20o%20timbres%20inteligentes.%20Todo%20con%20un%20enfoque%20gradual%2C%20contextualizado%20y%20centrado%20en%20resolver%20problemas%20reales.%20Del%20circuito%20b%C3%A1sico%20a%20la%20soluci%C3%B3n%20inteligente.%22%7D%2C%7B%22item_title%22%3A%22Fabricaci%C3%B3n%20Digital%22%2C%22link%22%3A%22%7C%7C%7C%22%2C%22item_desc%22%3A%22Con%20el%20enfoque%20FAB%20LAB%2C%20impulsamos%20el%20uso%20de%20impresoras%203D%2C%20cortadoras%20l%C3%A1ser%20y%20dise%C3%B1o%20en%20Tinkercad%20directamente%20en%20el%20colegio.%20El%20aula%20se%20transforma%20en%20un%20laboratorio%20donde%20los%20prototipos%20se%20dise%C3%B1an%2C%20imprimen%20y%20prueban%2C%20logrando%20aprendizaje%20tangible%2C%20funcional%20y%20motivador.%20Dise%C3%B1a%2C%20imprime%20y%20hazlo%20realidad.%22%7D%2C%7B%22item_title%22%3A%22Emprendimiento%20escolar%22%2C%22item_desc%22%3A%22Cada%20proyecto%20con%20Arduino%20puede%20convertirse%20en%20una%20soluci%C3%B3n%20real.%20Ense%C3%B1amos%20a%20los%20estudiantes%20a%20presentar%20sus%20ideas%20como%20propuestas%20de%20valor%20y%20a%20desarrollar%20habilidades%20para%20conectar%20su%20aprendizaje%20con%20el%20mundo%20real%20y%20su%20futuro%20profesional.%20Convierte%20tus%20ideas%20en%20valor.%22%7D%5D\u00bb][tm_spacer size=\u00bblg:80&#8243;][\/vc_column][\/vc_row]<\/p>\n<\/div>","protected":false},"excerpt":{"rendered":"<p>[vc_row full_width=\u00bbstretch_row\u00bb content_placement=\u00bbtop\u00bb][vc_column][vc_row_inner][vc_column_inner][\/vc_column_inner][\/vc_row_inner][\/vc_column][\/vc_row][vc_row full_width=\u00bbstretch_row\u00bb background_color=\u00bbcustom\u00bb custom_background_color=\u00bb#00000000&#8243;][vc_column][tm_spacer size=\u00bblg:60&#8243;][\/vc_column][\/vc_row][vc_row][vc_column width=\u00bb1\/2&#8243;][tm_heading style=\u00bbmodern\u00bb custom_google_font=\u00bb\u00bb text_color=\u00bbcustom\u00bb custom_text_color=\u00bb#ababab\u00bb]NUESTRA EMPRESA[\/tm_heading][tm_spacer size=\u00bblg:25&#8243;][tm_heading tag=\u00bbh4&#8243; custom_google_font=\u00bb\u00bb font_size=\u00bbsm:20;md:26;lg:32&#8243; line_height=\u00bb1.4&#8243; max_width=\u00bb670px\u00bb]En Editorial IP, creemos en el aprendizaje con tecnolog\u00eda debe ser real, aplicable y sostenible.[\/tm_heading][tm_spacer size=\u00bblg:36&#8243;][tm_accordion style=\u00bb02&#8243; items=\u00bb%5B%7B%22title%22%3A%22Nosotros%22%2C%22content%22%3A%22En%20Editorial%20IP%20nosotros%20promovemos%20la%20innovaci%C3%B3n%20educativa%20a%20trav%C3%A9s%20de%20propuestas%20STEAM%20que%20integran%20rob%C3%B3tica%2C%20programaci%C3%B3n%2C%20electr%C3%B3nica%2C%20fabricaci%C3%B3n%20digital%20e%20inteligencia%20artificial%2C%20dirigidas%20a%20estudiantes%20desde%20inicial%20hasta%20secundaria.%20Ofrecemos%20soluciones%20integrales%20con%20recursos%20curriculares%2C%20capacitaci%C3%B3n%20docente%2C%20laboratorios%20y%20plataformas%20virtuales%20que%20potencian%20el%20aprendizaje%20y%20la%20creatividad%20en%20las%20aulas.%22%7D%2C%7B%22title%22%3A%22Misi%C3%B3n%22%2C%22content%22%3A%22Ofrecemos%20programas%20y%20materiales%20educativos%20innovadores%20en%20STEAM%20y%20tecnolog%C3%ADa%20que%20integran%20teor%C3%ADa%20y%20pr%C3%A1ctica%2C%20desarrollando%20en%20estudiantes%20y%20docentes%20habilidades%20t%C3%A9cnicas%2C%20pensamiento%20cr%C3%ADtico%2C%20creatividad%20y%20emprendimiento%2C%20con%20respaldo%20acad%C3%A9mico%20y%20acompa%C3%B1amiento%20continuo.%22%7D%2C%7B%22title%22%3A%22Visi%C3%B3n%22%2C%22content%22%3A%22Ser%20un%20referente%20nacional%20en%20educaci%C3%B3n%20STEAM%20y%20digital%2C%20transformando%20los%20espacios%20educativos%20en%20aulas%20del%20futuro%20que%20impulsen%20innovaci%C3%B3n%2C%20inclusi%C3%B3n%20tecnol%C3%B3gica%20y%20formaci%C3%B3n%20integral%20para%20formar%20agentes%20de%20cambio%20en%20un%20mundo%20en%20constante%20evoluci%C3%B3n.%22%7D%2C%7B%22title%22%3A%22Valores%22%2C%22content%22%3A%22%3Ci%20class%3D%5C%22fa-regular%20fa-check%20fa-lg%5C%22%20style%3D%5C%22color%3A%20%2359b155%3B%5C%22%3E%3C%2Fi%3E%20%3Cstrong%20style%3D%5C%22font-weight%3A%20bold%3B%20color%3A%20black%3B%20padding-left%3A%205px%3B%5C%22%3EInnovaci%C3%B3n%3C%2Fstrong%3E%3Cbr%3E%5CnCreatividad%20y%20uso%20de%20nuevas%20tecnolog%C3%ADas%20para%20enriquecer%20el%20aprendizaje.%3Cbr%3E%3Cbr%3E%5Cn%5Cn%3Ci%20class%3D%5C%22fa-regular%20fa-check%20fa-lg%5C%22%20style%3D%5C%22color%3A%20%2359b155%3B%5C%22%3E%3C%2Fi%3E%20%3Cstrong%20style%3D%5C%22font-weight%3A%20bold%3B%20color%3A%20black%3B%20padding-left%3A%205px%3B%5C%22%3ECalidad%3C%2Fstrong%3E%3Cbr%3E%5CnContenidos%20y%20programas%20con%20rigor%20acad%C3%A9mico%20certificado.%3Cbr%3E%3Cbr%3E%5Cn%5Cn%3Ci%20class%3D%5C%22fa-regular%20fa-check%20fa-lg%5C%22%20style%3D%5C%22color%3A%20%2359b155%3B%5C%22%3E%3C%2Fi%3E%20%3Cstrong%20style%3D%5C%22font-weight%3A%20bold%3B%20color%3A%20black%3B%20padding-left%3A%205px%3B%5C%22%3EInclusi%C3%B3n%3C%2Fstrong%3E%3Cbr%3E%20%5CnAcceso%20temprano%20a%20herramientas%20y%20conocimientos%20tecnol%C3%B3gicos.%3Cbr%3E%3Cbr%3E%5Cn%5Cn%3Ci%20class%3D%5C%22fa-regular%20fa-check%20fa-lg%5C%22%20style%3D%5C%22color%3A%20%2359b155%3B%5C%22%3E%3C%2Fi%3E%20%3Cstrong%20style%3D%5C%22font-weight%3A%20bold%3B%20color%3A%20black%3B%20padding-left%3A%205px%3B%5C%22%3EColaboraci%C3%B3n%3C%2Fstrong%3E%3Cbr%3E%5CnTrabajo%20conjunto%20con%20docentes%2C%20estudiantes%20y%20comunidades.%5Cn%3Cbr%3E%3Cbr%3E%5Cn%3Ci%20class%3D%5C%22fa-regular%20fa-check%20fa-lg%5C%22%20style%3D%5C%22color%3A%20%2359b155%3B%5C%22%3E%3C%2Fi%3E%20%3Cstrong%20style%3D%5C%22font-weight%3A%20bold%3B%20color%3A%20black%3B%20padding-left%3A%205px%3B%5C%22%3EResponsabilidad%3C%2Fstrong%3E%3Cbr%3E%5CnUso%20%C3%A9tico%20y%20consciente%20de%20la%20tecnolog%C3%ADa%20y%20la%20inteligencia%20artificial.%22%7D%5D\u00bb][\/vc_column][vc_column width=\u00bb1\/2&#8243;][tm_spacer size=\u00bblg:35&#8243;][\/vc_column][\/vc_row][vc_row full_width=\u00bbstretch_row\u00bb background_color=\u00bbcustom\u00bb custom_background_color=\u00bb#00000000&#8243;][vc_column][tm_spacer size=\u00bblg:70&#8243;][\/vc_column][\/vc_row][vc_row full_width=\u00bbstretch_row\u00bb background_color=\u00bbcustom\u00bb overlay_background=\u00bbcustom\u00bb overlay_custom_background=\u00bb#59B155&#8243; overlay_opacity=\u00bb80&#8243; lg_spacing=\u00bbpadding_top:64;padding_bottom:64&#8243; custom_background_color=\u00bb#59B155&#8243; background_image=\u00bb3347&#8243;][vc_column][tm_heading custom_google_font=\u00bb\u00bb font_style=\u00bbitalic\u00bb align=\u00bbcenter\u00bb text_color=\u00bbcustom\u00bb custom_text_color=\u00bb#FFFFFF\u00bb]Nuestro prop\u00f3sito educativo[\/tm_heading][tm_spacer size=\u00bblg:30&#8243;][tm_heading tag=\u00bbh4&#8243; custom_google_font=\u00bb\u00bb align=\u00bbcenter\u00bb text_color=\u00bbcustom\u00bb custom_text_color=\u00bb#FFFFFF\u00bb font_size=\u00bbsm:12;md:16;lg:20&#8243; line_height=\u00bb1.4&#8243; max_width=\u00bb870px\u00bb]Incorporar la rob\u00f3tica y la IA al curr\u00edculo escolar, preparando a los estudiantes para la era digital y desarrollando sus habilidades cr\u00edticas, creativas y colaborativas. Cada componente se construye sobre el anterior, garantizando una implementaci\u00f3n efectiva y un impacto duradero.[\/tm_heading][\/vc_column][\/vc_row][vc_row][vc_column][tm_spacer size=\u00bbxs:30;sm:100;lg:120&#8243;][tm_heading style=\u00bbcommon\u00bb tag=\u00bbh4&#8243; custom_google_font=\u00bb\u00bb font_weight=\u00bb600&#8243; align=\u00bbcenter\u00bb text_color=\u00bbcustom\u00bb custom_text_color=\u00bb#FF6600&#8243; font_size=\u00bbxs:20;sm:28;md:34;lg:40&#8243; line_height=\u00bb1.4&#8243; max_width=\u00bb570px\u00bb]Los 5 pilares que llevan la educaci\u00f3n del aula al futuro.[\/tm_heading][tm_spacer size=\u00bbxs:30;lg:84&#8243;][tm_list list_style=\u00bbcheck-02&#8243; marker_color=\u00bbprimary\u00bb title_color=\u00bbprimary\u00bb columns=\u00bbxs:1;lg:2&#8243; items=\u00bb%5B%7B%22item_title%22%3A%22Rob%C3%B3tica%20Educativa%22%2C%22item_desc%22%3A%22Inspiramos%20a%20los%20estudiantes%20a%20crear%20prototipos%20con%20robots%20educativos%20y%20piezas%20de%20LEGO%2C%20desarrollando%20habilidades%20STEAM%20desde%20sus%20primeros%20a%C3%B1os.%20Aprenden%20sobre%20estructuras%2C%20engranajes%2C%20sensores%20y%20programaci%C3%B3n%20visual%2C%20despertando%20su%20creatividad%20y%20capacidad%20para%20resolver%20retos%20reales.%20Construir%20es%20aprender.%22%7D%2C%7B%22item_title%22%3A%22Inteligencia%20Artificial%22%2C%22link%22%3A%22%7C%7C%7C%22%2C%22item_desc%22%3A%22%20Integramos%20herramientas%20de%20IA%20generativa%20como%20recurso%20creativo%20para%20imaginar%2C%20dise%C3%B1ar%20y%20expresar%20ideas.%20Los%20estudiantes%20aprenden%20a%20usar%20la%20IA%20para%20crear%20historias%2C%20im%C3%A1genes%20o%20soluciones%2C%20siempre%20bajo%20un%20marco%20%C3%A9tico%2C%20responsable%20y%20educativo.%20Imagina%2C%20dise%C3%B1a%20y%20crea.%22%7D%2C%7B%22item_title%22%3A%22Arduino%20y%20Electr%C3%B3nica%20creativa%22%2C%22item_desc%22%3A%22Guiamos%20al%20estudiante%20desde%20lo%20m%C3%A1s%20b%C3%A1sico%20(LEDs%2C%20sensores)%20hasta%20proyectos%20complejos%20como%20dom%C3%B3tica%2C%20veh%C3%ADculos%20aut%C3%B3nomos%20o%20timbres%20inteligentes.%20Todo%20con%20un%20enfoque%20gradual%2C%20contextualizado%20y%20centrado%20en%20resolver%20problemas%20reales.%20Del%20circuito%20b%C3%A1sico%20a%20la%20soluci%C3%B3n%20inteligente.%22%7D%2C%7B%22item_title%22%3A%22Fabricaci%C3%B3n%20Digital%22%2C%22link%22%3A%22%7C%7C%7C%22%2C%22item_desc%22%3A%22Con%20el%20enfoque%20FAB%20LAB%2C%20impulsamos%20el%20uso%20de%20impresoras%203D%2C%20cortadoras%20l%C3%A1ser%20y%20dise%C3%B1o%20en%20Tinkercad%20directamente%20en%20el%20colegio.%20El%20aula%20se%20transforma%20en%20un%20laboratorio%20donde%20los%20prototipos%20se%20dise%C3%B1an%2C%20imprimen%20y%20prueban%2C%20logrando%20aprendizaje%20tangible%2C%20funcional%20y%20motivador.%20Dise%C3%B1a%2C%20imprime%20y%20hazlo%20realidad.%22%7D%2C%7B%22item_title%22%3A%22Emprendimiento%20escolar%22%2C%22item_desc%22%3A%22Cada%20proyecto%20con%20Arduino%20puede%20convertirse%20en%20una%20soluci%C3%B3n%20real.%20Ense%C3%B1amos%20a%20los%20estudiantes%20a%20presentar%20sus%20ideas%20como%20propuestas%20de%20valor%20y%20a%20desarrollar%20habilidades%20para%20conectar%20su%20aprendizaje%20con%20el%20mundo%20real%20y%20su%20futuro%20profesional.%20Convierte%20tus%20ideas%20en%20valor.%22%7D%5D\u00bb][tm_spacer size=\u00bblg:80&#8243;][\/vc_column][\/vc_row]<\/p>\n","protected":false},"author":1,"featured_media":0,"parent":0,"menu_order":0,"comment_status":"closed","ping_status":"closed","template":"","meta":{"_joinchat":[],"footnotes":""},"class_list":["post-2993","page","type-page","status-publish","hentry","post-no-thumbnail"],"_links":{"self":[{"href":"https:\/\/editorialip.com\/tienda\/wp-json\/wp\/v2\/pages\/2993","targetHints":{"allow":["GET"]}}],"collection":[{"href":"https:\/\/editorialip.com\/tienda\/wp-json\/wp\/v2\/pages"}],"about":[{"href":"https:\/\/editorialip.com\/tienda\/wp-json\/wp\/v2\/types\/page"}],"author":[{"embeddable":true,"href":"https:\/\/editorialip.com\/tienda\/wp-json\/wp\/v2\/users\/1"}],"replies":[{"embeddable":true,"href":"https:\/\/editorialip.com\/tienda\/wp-json\/wp\/v2\/comments?post=2993"}],"version-history":[{"count":63,"href":"https:\/\/editorialip.com\/tienda\/wp-json\/wp\/v2\/pages\/2993\/revisions"}],"predecessor-version":[{"id":3972,"href":"https:\/\/editorialip.com\/tienda\/wp-json\/wp\/v2\/pages\/2993\/revisions\/3972"}],"wp:attachment":[{"href":"https:\/\/editorialip.com\/tienda\/wp-json\/wp\/v2\/media?parent=2993"}],"curies":[{"name":"wp","href":"https:\/\/api.w.org\/{rel}","templated":true}]}}