{"id":3346,"date":"2025-08-22T23:33:31","date_gmt":"2025-08-22T23:33:31","guid":{"rendered":"https:\/\/editorialip.ssi-soluciones.com\/?page_id=3346"},"modified":"2025-09-24T15:55:50","modified_gmt":"2025-09-24T15:55:50","slug":"implementacion","status":"publish","type":"page","link":"https:\/\/editorialip.com\/tienda\/implementacion\/","title":{"rendered":"Implementaci\u00f3n"},"content":{"rendered":"<div class=\"wpb-content-wrapper\"><p>[vc_row full_width=\u00bbstretch_row\u00bb][vc_column][vc_row_inner][vc_column_inner]\n\t\t\t\t<p class=\"rs-p-wp-fix\"><\/p>\n\t\t\t\t<sr7-module data-alias=\"IPimplementacion-1\" data-id=\"21\" id=\"SR7_21_1\" class=\"rs-ov-hidden\" data-version=\"6.7.34\">\n\t\t\t\t\t<sr7-adjuster><\/sr7-adjuster>\n\t\t\t\t\t<sr7-content>\n\t\t\t\t\t\t<sr7-slide id=\"SR7_21_1-41\" data-key=\"41\">\n\t\t\t\t\t\t\t<sr7-bg id=\"SR7_21_1-41-1\" class=\"sr7-layer\"><noscript><img decoding=\"async\" src=\"https:\/\/editorialip.com\/tienda\/wp-content\/uploads\/2025\/08\/BANNER-IMPLEMENTACION.png\" alt=\"\" title=\"BANNER IMPLEMENTACION\"><\/noscript><\/sr7-bg>\n\t\t\t\t\t\t<\/sr7-slide>\n\t\t\t\t\t\t<sr7-slide id=\"SR7_21_1-42\" data-key=\"42\">\n\t\t\t\t\t\t<\/sr7-slide>\n\t\t\t\t\t<\/sr7-content>\n\t\t\t\t\t<image_lists style=\"display:none\">\n\t\t\t\t\t\t<img data-src=\"\/\/editorialip.com\/tienda\/wp-content\/uploads\/2025\/08\/BANNER-IMPLEMENTACION.png\" data-libid=\"3347\" data-lib=\"medialibrary\" title=\"BANNER IMPLEMENTACION\" width=\"0\" height=\"0\" data-dbsrc=\"Ly9lZGl0b3JpYWxpcC5jb20vdGllbmRhL3dwLWNvbnRlbnQvdXBsb2Fkcy8yMDI1LzA4L0JBTk5FUi1JTVBMRU1FTlRBQ0lPTi5wbmc=\"\/>\n\t\t\t\t\t<\/image_lists>\n\t\t\t\t<\/sr7-module>\n\t\t\t\t<script>\n\t\t\t\t\tSR7.PMH ??={}; SR7.PMH[\"SR7_21_1\"] = {cn:100,state:false,fn: function() { if (_tpt!==undefined && _tpt.prepareModuleHeight !== undefined) {  _tpt.prepareModuleHeight({id:\"SR7_21_1\",el:[600,600,768,960,720],type:'hero',shdw:'0',gh:[600,600,512,389,240],gw:[1200,1200,1024,778,480],vpt:['-100px'],size:{fullWidth:true, fullHeight:false},mh:'0',onh:0,onw:0,bg:{color:'{\"orig\":\"transparent\",\"type\":\"solid\",\"string\":\"transparent\"}'}});   SR7.PMH[\"SR7_21_1\"].state=true;} else if(SR7.PMH[\"SR7_21_1\"].cn-->0)\tsetTimeout( SR7.PMH[\"SR7_21_1\"].fn,19);}};SR7.PMH[\"SR7_21_1\" ].fn();\n\t\t\t\t<\/script>\n[\/vc_column_inner][\/vc_row_inner][\/vc_column][\/vc_row][vc_row full_width=\u00bbstretch_row\u00bb background_color=\u00bbcustom\u00bb custom_background_color=\u00bb#f8f8f8&#8243;][vc_column][tm_spacer size=\u00bblg:104&#8243;][tm_heading custom_google_font=\u00bb\u00bb align=\u00bbcenter\u00bb font_size=\u00bbsm:28;md:34;lg:40&#8243; line_height=\u00bb1.4&#8243;]Transformamos tu espacio en un <mark>aula del futuro.<\/mark>[\/tm_heading][tm_spacer size=\u00bblg:53&#8243;][vc_tta_tabs style=\u00bbmitech-02&#8243; active_section=\u00bb1&#8243;][vc_tta_section title=\u00bbPlataforma Virtual\u00bb tab_id=\u00bb1757033526928-877346b1-4551&#8243;][vc_row_inner content_placement=\u00bbmiddle\u00bb][vc_column_inner content_position=\u00bbtop\u00bb offset=\u00bbvc_col-md-6&#8243;][tm_image image=\u00bb3501&#8243;][tm_spacer size=\u00bbsm:40&#8243;][\/vc_column_inner][vc_column_inner offset=\u00bbvc_col-md-offset-1 vc_col-md-5&#8243;][tm_heading tag=\u00bbdiv\u00bb custom_google_font=\u00bb\u00bb font_size=\u00bblg:18&#8243; line_height=\u00bb1.78&#8243;]Una plataforma virtual din\u00e1mica que facilita la interacci\u00f3n entre docentes y estudiantes, ofreciendo una amplia gama de recursos educativos.<br \/>\nAdem\u00e1s, incluye contenido audiovisual exclusivo para guiar la construcci\u00f3n de cada prototipo.[\/tm_heading][tm_spacer size=\u00bblg:26&#8243;][\/vc_column_inner][\/vc_row_inner][\/vc_tta_section][vc_tta_section title=\u00bbAcompa\u00f1amiento\u00bb tab_id=\u00bb1757033439639-a48ac559-560b\u00bb][vc_row_inner content_placement=\u00bbmiddle\u00bb][vc_column_inner content_position=\u00bbtop\u00bb offset=\u00bbvc_col-md-6&#8243;][tm_image image=\u00bb3502&#8243;][tm_spacer size=\u00bbsm:40&#8243;][\/vc_column_inner][vc_column_inner offset=\u00bbvc_col-md-offset-1 vc_col-md-5&#8243;][tm_heading tag=\u00bbdiv\u00bb custom_google_font=\u00bb\u00bb font_size=\u00bblg:18&#8243; line_height=\u00bb1.78&#8243;]Proporcionamos un seguimiento permanente durante todo el proceso de implementaci\u00f3n y capacitaci\u00f3n, adem\u00e1s de apoyo en la organizaci\u00f3n de eventos educativos como <strong style=\"color: black; font-weight: 600;\">ferias escolares, activaciones, d\u00edas del logro y concursos<\/strong>, favoreciendo la visibilidad y valorizaci\u00f3n del aprendizaje en la comunidad educativa.[\/tm_heading][tm_spacer size=\u00bblg:26&#8243;][\/vc_column_inner][\/vc_row_inner][\/vc_tta_section][vc_tta_section title=\u00bbCapacitaci\u00f3n\u00bb tab_id=\u00bb1757033196129-023851b6-0d12&#8243;][vc_row_inner content_placement=\u00bbmiddle\u00bb][vc_column_inner content_position=\u00bbtop\u00bb offset=\u00bbvc_col-md-6&#8243;][tm_image image=\u00bb3792&#8243;][tm_spacer size=\u00bbsm:40&#8243;][\/vc_column_inner][vc_column_inner offset=\u00bbvc_col-md-offset-1 vc_col-md-5&#8243;][tm_heading tag=\u00bbdiv\u00bb custom_google_font=\u00bb\u00bb font_size=\u00bblg:18&#8243; line_height=\u00bb1.78&#8243;]En Editorial IP ofrecemos programas de capacitaci\u00f3n profesional que acompa\u00f1an el uso pedag\u00f3gico de nuestras colecciones y potencian el desarrollo digital en las aulas.<\/p>\n<p>Capacitaciones especializadas de Editorial IP[\/tm_heading][tm_spacer size=\u00bblg:26&#8243;][tm_list list_style=\u00bbcheck\u00bb columns=\u00bbxs:1;lg:1&#8243; items=\u00bb%5B%7B%22item_title%22%3A%22Uso%20did%C3%A1ctico%20de%20LEGO%20WeDo%2C%20Tinkercad%20y%20Arduino.%22%7D%2C%7B%22item_title%22%3A%22Integraci%C3%B3n%20de%20proyectos%20STEAM%20en%20primaria%20y%20secundaria.%22%7D%2C%7B%22item_title%22%3A%22Aplicaci%C3%B3n%20pr%C3%A1ctica%20de%20nuestras%20rutas%20metodol%C3%B3gicas%20y%20materiales%20curriculares.%22%7D%2C%7B%22item_title%22%3A%22Talleres%20anuales%20y%20sesiones%20de%20verano%20para%20docentes%20de%20inicial%2C%20primaria%20y%20secundaria.%22%7D%5D\u00bb][tm_spacer size=\u00bblg:35&#8243;][\/vc_column_inner][\/vc_row_inner][\/vc_tta_section][vc_tta_section title=\u00bbImplementaci\u00f3n\u00bb tab_id=\u00bb1551685697617-7211be51-3ff915516899890171551690122027&#8243;][vc_row_inner content_placement=\u00bbmiddle\u00bb][vc_column_inner content_position=\u00bbtop\u00bb offset=\u00bbvc_col-md-6&#8243;][tm_popup_video style=\u00bbposter-02&#8243; video=\u00bbhttps:\/\/youtu.be\/f3_hGXd0xqI\u00bb poster=\u00bb3815&#8243;][tm_spacer size=\u00bbsm:40&#8243;][\/vc_column_inner][vc_column_inner offset=\u00bbvc_col-md-offset-1 vc_col-md-5&#8243;][tm_heading tag=\u00bbdiv\u00bb custom_google_font=\u00bb\u00bb font_size=\u00bblg:18&#8243; line_height=\u00bb1.78&#8243;]Implementaci\u00f3n de Laboratorios STEAM<br \/>\nDise\u00f1amos y acondicionamos espacios educativos alineados con el enfoque STEAM. Desde aulas iniciales de Rob\u00f3tica hasta FAB LAB escolares, adaptamos los entornos para que cada instituci\u00f3n d\u00e9 el siguiente paso hacia la educaci\u00f3n del siglo XXI.<br \/>\n[\/tm_heading][tm_spacer size=\u00bblg:26&#8243;][tm_list list_style=\u00bbcheck\u00bb columns=\u00bbxs:1;lg:1&#8243; items=\u00bb%5B%7B%22item_title%22%3A%22Laboratorios%20de%20Rob%C3%B3tica%20Educativa.%20%22%7D%2C%7B%22item_title%22%3A%22Aulas%20Makers.%20%22%7D%2C%7B%22item_title%22%3A%22FAB%20LAB%20escolares%20con%20herramientas%20de%20fabricaci%C3%B3n%20digital%20(corte%20l%C3%A1ser%2C%20Arduino%2C%20prototipado%203D).%22%2C%22item_desc%22%3A%22*%20Asesor%C3%ADa%20completa%20desde%20el%20diagn%C3%B3stico%20hasta%20la%20implementaci%C3%B3n.%22%7D%5D\u00bb][tm_spacer size=\u00bblg:35&#8243;][\/vc_column_inner][\/vc_row_inner][\/vc_tta_section][vc_tta_section title=\u00bbReposici\u00f3n\u00bb tab_id=\u00bb1756248175640-d794452d-72d3&#8243;][vc_row_inner content_placement=\u00bbmiddle\u00bb][vc_column_inner offset=\u00bbvc_col-md-6&#8243;][tm_popup_video style=\u00bbposter-02&#8243; image_size=\u00bbcustom\u00bb video=\u00bbhttps:\/\/www.youtube.com\/watch?v=vqZuSUtczbU\u00bb poster=\u00bb346&#8243; image_size_width=\u00bb570&#8243; image_size_height=\u00bb350&#8243;][tm_spacer size=\u00bbsm:40&#8243;][\/vc_column_inner][vc_column_inner offset=\u00bbvc_col-md-offset-1 vc_col-md-5&#8243;][tm_heading tag=\u00bbdiv\u00bb custom_google_font=\u00bb\u00bb font_size=\u00bblg:18&#8243; line_height=\u00bb1.78&#8243;]Reposici\u00f3n de piezas y mantenimiento<br \/>\n\u00a1Tus proyectos siempre en marcha! Nos encargamos de que tu laboratorio est\u00e9 operativo todo el a\u00f1o.<br \/>\n[\/tm_heading][tm_spacer size=\u00bblg:26&#8243;][tm_list list_style=\u00bbcheck\u00bb columns=\u00bbxs:1;lg:1&#8243; items=\u00bb%5B%7B%22item_title%22%3A%22Suministro%20de%20piezas%20estructurales%20y%20m%C3%B3viles%202%20veces%20al%20a%C3%B1o.%20%22%7D%2C%7B%22item_title%22%3A%22Soporte%20t%C3%A9cnico%20para%20componentes%20electr%C3%B3nicos.%22%7D%5D\u00bb][tm_spacer size=\u00bblg:35&#8243;][\/vc_column_inner][\/vc_row_inner][\/vc_tta_section][\/vc_tta_tabs][tm_spacer size=\u00bblg:50&#8243;][\/vc_column][\/vc_row]<\/p>\n<\/div>","protected":false},"excerpt":{"rendered":"<p>[vc_row full_width=\u00bbstretch_row\u00bb][vc_column][vc_row_inner][vc_column_inner][\/vc_column_inner][\/vc_row_inner][\/vc_column][\/vc_row][vc_row full_width=\u00bbstretch_row\u00bb background_color=\u00bbcustom\u00bb custom_background_color=\u00bb#f8f8f8&#8243;][vc_column][tm_spacer size=\u00bblg:104&#8243;][tm_heading custom_google_font=\u00bb\u00bb align=\u00bbcenter\u00bb font_size=\u00bbsm:28;md:34;lg:40&#8243; line_height=\u00bb1.4&#8243;]Transformamos tu espacio en un aula del futuro.[\/tm_heading][tm_spacer size=\u00bblg:53&#8243;][vc_tta_tabs style=\u00bbmitech-02&#8243; active_section=\u00bb1&#8243;][vc_tta_section title=\u00bbPlataforma Virtual\u00bb tab_id=\u00bb1757033526928-877346b1-4551&#8243;][vc_row_inner content_placement=\u00bbmiddle\u00bb][vc_column_inner content_position=\u00bbtop\u00bb offset=\u00bbvc_col-md-6&#8243;][tm_image image=\u00bb3501&#8243;][tm_spacer size=\u00bbsm:40&#8243;][\/vc_column_inner][vc_column_inner offset=\u00bbvc_col-md-offset-1 vc_col-md-5&#8243;][tm_heading tag=\u00bbdiv\u00bb custom_google_font=\u00bb\u00bb font_size=\u00bblg:18&#8243; line_height=\u00bb1.78&#8243;]Una plataforma virtual din\u00e1mica que facilita la interacci\u00f3n entre docentes y estudiantes, ofreciendo una amplia gama de recursos educativos. Adem\u00e1s, incluye contenido audiovisual exclusivo para guiar la construcci\u00f3n de cada prototipo.[\/tm_heading][tm_spacer size=\u00bblg:26&#8243;][\/vc_column_inner][\/vc_row_inner][\/vc_tta_section][vc_tta_section title=\u00bbAcompa\u00f1amiento\u00bb tab_id=\u00bb1757033439639-a48ac559-560b\u00bb][vc_row_inner content_placement=\u00bbmiddle\u00bb][vc_column_inner content_position=\u00bbtop\u00bb offset=\u00bbvc_col-md-6&#8243;][tm_image image=\u00bb3502&#8243;][tm_spacer size=\u00bbsm:40&#8243;][\/vc_column_inner][vc_column_inner offset=\u00bbvc_col-md-offset-1 vc_col-md-5&#8243;][tm_heading tag=\u00bbdiv\u00bb custom_google_font=\u00bb\u00bb font_size=\u00bblg:18&#8243; line_height=\u00bb1.78&#8243;]Proporcionamos un seguimiento permanente durante todo el proceso de implementaci\u00f3n y capacitaci\u00f3n, adem\u00e1s de apoyo en la organizaci\u00f3n de eventos educativos como ferias escolares, activaciones, d\u00edas del logro y concursos, favoreciendo la visibilidad y valorizaci\u00f3n del aprendizaje en la comunidad educativa.[\/tm_heading][tm_spacer size=\u00bblg:26&#8243;][\/vc_column_inner][\/vc_row_inner][\/vc_tta_section][vc_tta_section title=\u00bbCapacitaci\u00f3n\u00bb tab_id=\u00bb1757033196129-023851b6-0d12&#8243;][vc_row_inner content_placement=\u00bbmiddle\u00bb][vc_column_inner content_position=\u00bbtop\u00bb offset=\u00bbvc_col-md-6&#8243;][tm_image image=\u00bb3792&#8243;][tm_spacer size=\u00bbsm:40&#8243;][\/vc_column_inner][vc_column_inner offset=\u00bbvc_col-md-offset-1 vc_col-md-5&#8243;][tm_heading tag=\u00bbdiv\u00bb custom_google_font=\u00bb\u00bb font_size=\u00bblg:18&#8243; line_height=\u00bb1.78&#8243;]En Editorial IP ofrecemos programas de capacitaci\u00f3n profesional que acompa\u00f1an el uso pedag\u00f3gico de nuestras colecciones y potencian el desarrollo digital en las aulas. Capacitaciones especializadas de Editorial IP[\/tm_heading][tm_spacer size=\u00bblg:26&#8243;][tm_list list_style=\u00bbcheck\u00bb columns=\u00bbxs:1;lg:1&#8243; items=\u00bb%5B%7B%22item_title%22%3A%22Uso%20did%C3%A1ctico%20de%20LEGO%20WeDo%2C%20Tinkercad%20y%20Arduino.%22%7D%2C%7B%22item_title%22%3A%22Integraci%C3%B3n%20de%20proyectos%20STEAM%20en%20primaria%20y%20secundaria.%22%7D%2C%7B%22item_title%22%3A%22Aplicaci%C3%B3n%20pr%C3%A1ctica%20de%20nuestras%20rutas%20metodol%C3%B3gicas%20y%20materiales%20curriculares.%22%7D%2C%7B%22item_title%22%3A%22Talleres%20anuales%20y%20sesiones%20de%20verano%20para%20docentes%20de%20inicial%2C%20primaria%20y%20secundaria.%22%7D%5D\u00bb][tm_spacer size=\u00bblg:35&#8243;][\/vc_column_inner][\/vc_row_inner][\/vc_tta_section][vc_tta_section title=\u00bbImplementaci\u00f3n\u00bb tab_id=\u00bb1551685697617-7211be51-3ff915516899890171551690122027&#8243;][vc_row_inner content_placement=\u00bbmiddle\u00bb][vc_column_inner content_position=\u00bbtop\u00bb offset=\u00bbvc_col-md-6&#8243;][tm_popup_video style=\u00bbposter-02&#8243; video=\u00bbhttps:\/\/youtu.be\/f3_hGXd0xqI\u00bb poster=\u00bb3815&#8243;][tm_spacer size=\u00bbsm:40&#8243;][\/vc_column_inner][vc_column_inner offset=\u00bbvc_col-md-offset-1 vc_col-md-5&#8243;][tm_heading tag=\u00bbdiv\u00bb custom_google_font=\u00bb\u00bb font_size=\u00bblg:18&#8243; line_height=\u00bb1.78&#8243;]Implementaci\u00f3n de Laboratorios STEAM Dise\u00f1amos y acondicionamos espacios educativos alineados con el enfoque STEAM. Desde aulas iniciales de Rob\u00f3tica hasta FAB LAB escolares, adaptamos los entornos para que cada instituci\u00f3n d\u00e9 el siguiente paso hacia la educaci\u00f3n del siglo XXI. [\/tm_heading][tm_spacer size=\u00bblg:26&#8243;][tm_list list_style=\u00bbcheck\u00bb columns=\u00bbxs:1;lg:1&#8243; items=\u00bb%5B%7B%22item_title%22%3A%22Laboratorios%20de%20Rob%C3%B3tica%20Educativa.%20%22%7D%2C%7B%22item_title%22%3A%22Aulas%20Makers.%20%22%7D%2C%7B%22item_title%22%3A%22FAB%20LAB%20escolares%20con%20herramientas%20de%20fabricaci%C3%B3n%20digital%20(corte%20l%C3%A1ser%2C%20Arduino%2C%20prototipado%203D).%22%2C%22item_desc%22%3A%22*%20Asesor%C3%ADa%20completa%20desde%20el%20diagn%C3%B3stico%20hasta%20la%20implementaci%C3%B3n.%22%7D%5D\u00bb][tm_spacer size=\u00bblg:35&#8243;][\/vc_column_inner][\/vc_row_inner][\/vc_tta_section][vc_tta_section title=\u00bbReposici\u00f3n\u00bb tab_id=\u00bb1756248175640-d794452d-72d3&#8243;][vc_row_inner content_placement=\u00bbmiddle\u00bb][vc_column_inner offset=\u00bbvc_col-md-6&#8243;][tm_popup_video style=\u00bbposter-02&#8243; image_size=\u00bbcustom\u00bb video=\u00bbhttps:\/\/www.youtube.com\/watch?v=vqZuSUtczbU\u00bb poster=\u00bb346&#8243; image_size_width=\u00bb570&#8243; image_size_height=\u00bb350&#8243;][tm_spacer size=\u00bbsm:40&#8243;][\/vc_column_inner][vc_column_inner offset=\u00bbvc_col-md-offset-1 vc_col-md-5&#8243;][tm_heading tag=\u00bbdiv\u00bb custom_google_font=\u00bb\u00bb font_size=\u00bblg:18&#8243; line_height=\u00bb1.78&#8243;]Reposici\u00f3n de piezas y mantenimiento \u00a1Tus proyectos siempre en marcha! Nos encargamos de que tu laboratorio est\u00e9 operativo todo el a\u00f1o. [\/tm_heading][tm_spacer size=\u00bblg:26&#8243;][tm_list list_style=\u00bbcheck\u00bb columns=\u00bbxs:1;lg:1&#8243; items=\u00bb%5B%7B%22item_title%22%3A%22Suministro%20de%20piezas%20estructurales%20y%20m%C3%B3viles%202%20veces%20al%20a%C3%B1o.%20%22%7D%2C%7B%22item_title%22%3A%22Soporte%20t%C3%A9cnico%20para%20componentes%20electr%C3%B3nicos.%22%7D%5D\u00bb][tm_spacer size=\u00bblg:35&#8243;][\/vc_column_inner][\/vc_row_inner][\/vc_tta_section][\/vc_tta_tabs][tm_spacer size=\u00bblg:50&#8243;][\/vc_column][\/vc_row]<\/p>\n","protected":false},"author":1,"featured_media":0,"parent":0,"menu_order":0,"comment_status":"closed","ping_status":"closed","template":"","meta":{"_joinchat":[],"footnotes":""},"class_list":["post-3346","page","type-page","status-publish","hentry","post-no-thumbnail"],"_links":{"self":[{"href":"https:\/\/editorialip.com\/tienda\/wp-json\/wp\/v2\/pages\/3346","targetHints":{"allow":["GET"]}}],"collection":[{"href":"https:\/\/editorialip.com\/tienda\/wp-json\/wp\/v2\/pages"}],"about":[{"href":"https:\/\/editorialip.com\/tienda\/wp-json\/wp\/v2\/types\/page"}],"author":[{"embeddable":true,"href":"https:\/\/editorialip.com\/tienda\/wp-json\/wp\/v2\/users\/1"}],"replies":[{"embeddable":true,"href":"https:\/\/editorialip.com\/tienda\/wp-json\/wp\/v2\/comments?post=3346"}],"version-history":[{"count":26,"href":"https:\/\/editorialip.com\/tienda\/wp-json\/wp\/v2\/pages\/3346\/revisions"}],"predecessor-version":[{"id":3896,"href":"https:\/\/editorialip.com\/tienda\/wp-json\/wp\/v2\/pages\/3346\/revisions\/3896"}],"wp:attachment":[{"href":"https:\/\/editorialip.com\/tienda\/wp-json\/wp\/v2\/media?parent=3346"}],"curies":[{"name":"wp","href":"https:\/\/api.w.org\/{rel}","templated":true}]}}