{"id":3505,"date":"2025-09-05T01:30:43","date_gmt":"2025-09-05T01:30:43","guid":{"rendered":"https:\/\/editorialip.ssi-soluciones.com\/?page_id=3505"},"modified":"2025-09-20T23:30:14","modified_gmt":"2025-09-20T23:30:14","slug":"robotics-league","status":"publish","type":"page","link":"https:\/\/editorialip.com\/tienda\/robotics-league\/","title":{"rendered":"Rob\u00f3tics League"},"content":{"rendered":"<div class=\"wpb-content-wrapper\"><p>[vc_row full_width=\u00bbstretch_row\u00bb][vc_column][vc_row_inner][vc_column_inner]\n\t\t\t\t<p class=\"rs-p-wp-fix\"><\/p>\n\t\t\t\t<sr7-module data-alias=\"IPRobotics-1\" data-id=\"19\" id=\"SR7_19_1\" class=\"rs-ov-hidden\" data-version=\"6.7.34\">\n\t\t\t\t\t<sr7-adjuster><\/sr7-adjuster>\n\t\t\t\t\t<sr7-content>\n\t\t\t\t\t\t<sr7-slide id=\"SR7_19_1-37\" data-key=\"37\">\n\t\t\t\t\t\t\t<sr7-bg id=\"SR7_19_1-37-1\" class=\"sr7-layer\"><noscript><img decoding=\"async\" src=\"https:\/\/editorialip.com\/tienda\/wp-content\/uploads\/2025\/09\/WhatsApp-Image-2025-09-17-at-10.19.11.jpeg\" alt=\"\" title=\"WhatsApp Image 2025-09-17 at 10.19.11\"><\/noscript><\/sr7-bg>\n\t\t\t\t\t\t<\/sr7-slide>\n\t\t\t\t\t\t<sr7-slide id=\"SR7_19_1-38\" data-key=\"38\">\n\t\t\t\t\t\t<\/sr7-slide>\n\t\t\t\t\t<\/sr7-content>\n\t\t\t\t\t<image_lists style=\"display:none\">\n\t\t\t\t\t\t<img data-src=\"\/\/editorialip.com\/tienda\/wp-content\/uploads\/2025\/09\/WhatsApp-Image-2025-09-17-at-10.19.11.jpeg\" data-libid=\"3773\" data-lib=\"medialibrary\" title=\"WhatsApp Image 2025-09-17 at 10.19.11\" width=\"0\" height=\"0\" data-dbsrc=\"Ly9lZGl0b3JpYWxpcC5jb20vdGllbmRhL3dwLWNvbnRlbnQvdXBsb2Fkcy8yMDI1LzA5L1doYXRzQXBwLUltYWdlLTIwMjUtMDktMTctYXQtMTAuMTkuMTEuanBlZw==\"\/>\n\t\t\t\t\t<\/image_lists>\n\t\t\t\t<\/sr7-module>\n\t\t\t\t<script>\n\t\t\t\t\tSR7.PMH ??={}; SR7.PMH[\"SR7_19_1\"] = {cn:100,state:false,fn: function() { if (_tpt!==undefined && _tpt.prepareModuleHeight !== undefined) {  _tpt.prepareModuleHeight({id:\"SR7_19_1\",el:[800,800,768,960,720],type:'hero',shdw:'0',gh:[800,800,630,479,296],gw:[1300,1300,1024,778,480],vpt:['-100px'],size:{fullWidth:true, fullHeight:false},mh:'0',onh:0,onw:0,bg:{color:'{\"orig\":\"transparent\",\"type\":\"solid\",\"string\":\"transparent\"}'}});   SR7.PMH[\"SR7_19_1\"].state=true;} else if(SR7.PMH[\"SR7_19_1\"].cn-->0)\tsetTimeout( SR7.PMH[\"SR7_19_1\"].fn,19);}};SR7.PMH[\"SR7_19_1\" ].fn();\n\t\t\t\t<\/script>\n[\/vc_column_inner][\/vc_row_inner][\/vc_column][\/vc_row][vc_row full_width=\u00bbstretch_row\u00bb background_color=\u00bbcustom\u00bb custom_background_color=\u00bb#f8fbfe\u00bb][vc_column][tm_spacer size=\u00bblg:70&#8243;][tm_heading custom_google_font=\u00bb\u00bb font_size=\u00bbsm:28;md:34;lg:40&#8243; line_height=\u00bb1.4&#8243;]<mark>Conoce m\u00e1s sobre Robotics League<\/mark>[\/tm_heading][tm_spacer size=\u00bblg:32&#8243;][\/vc_column][vc_column][vc_row_inner][vc_column_inner offset=\u00bbvc_col-lg-6 vc_col-md-12 vc_col-xs-12&#8243;][tm_popup_video style=\u00bbposter-02&#8243; image_size=\u00bbcustom\u00bb button_color=\u00bbcustom\u00bb custom_button_color=\u00bb#086ad8&#8243; poster=\u00bb3164&#8243; video=\u00bbhttps:\/\/www.youtube.com\/watch?v=rTJrKfB44E8&#8243; image_size_width=\u00bb569&#8243; image_size_height=\u00bb350&#8243;][tm_spacer size=\u00bblg:32&#8243;][vc_column_text css=\u00bb\u00bb]<\/p>\n<div style=\"max-width: 500px; font-size: 18px; font-weight: bold; line-height: 1.67; color: #696969; padding-left: 16px; border-left: 5px solid #59b155;\"><mark>Inspira a tus estudiantes a crear, programar y descubrir<\/mark> Porque el futuro se construye conectando pasado y tecnolog\u00eda en cada proyecto.<\/div>\n<p>[\/vc_column_text][\/vc_column_inner][vc_column_inner offset=\u00bbvc_col-lg-1 vc_col-md-1 vc_col-xs-1&#8243;][\/vc_column_inner][vc_column_inner offset=\u00bbvc_col-lg-5 vc_col-md-12 vc_col-xs-12&#8243;][tm_spacer size=\u00bbxs:40;sm:40;md:40;lg:0&#8243;][tm_heading custom_google_font=\u00bb\u00bb google_fonts=\u00bbfont_family:Poppins%3A300%2Cregular%2C500%2C600%2C700|font_style:500%20medium%20regular%3A500%3Anormal\u00bb md_align=\u00bbleft\u00bb sm_align=\u00bbleft\u00bb xs_align=\u00bbleft\u00bb text_color=\u00bbcustom\u00bb custom_text_color=\u00bb#333333&#8243; font_size=\u00bblg:34&#8243; line_height=\u00bb1.41&#8243;]La Liga que Impulsa la Rob\u00f3tica Educativa en Per\u00fa[\/tm_heading][tm_spacer size=\u00bblg:16&#8243;][tm_heading tag=\u00bbdiv\u00bb custom_google_font=\u00bb\u00bb md_align=\u00bbleft\u00bb sm_align=\u00bbleft\u00bb xs_align=\u00bbleft\u00bb text_color=\u00bbcustom\u00bb custom_text_color=\u00bb#696969&#8243; font_size=\u00bblg:18&#8243; line_height=\u00bb1.67&#8243;]Nuestro concurso interescolar STEAM re\u00fane a estudiantes de diversas regiones para innovar y aprender. Mediante retos que integran historia, ciencia y tecnolog\u00eda, fomenta pensamiento computacional, programaci\u00f3n con Arduino e Inteligencia Artificial responsable. Impulsa el talento, el trabajo en equipo y conecta saberes ancestrales con tecnolog\u00edas emergentes, preparando a las nuevas generaciones para convertir ideas en proyectos reales.\u201d[\/tm_heading][tm_spacer size=\u00bblg:32&#8243;][tm_button size=\u00bbcustom\u00bb button=\u00bburl:https%3A%2F%2Feditorialip.com%2Ftienda%2Fcontactanos%2F|title:ESCRIBENOS\u00bb color=\u00bbcustom\u00bb button_bg_color=\u00bbcustom\u00bb title=\u00bb\u00bb custom_button_bg_color=\u00bb#59B155&#8243; text_font_size=\u00bblg:14&#8243; width=\u00bb180&#8243; height=\u00bb56&#8243;][\/vc_column_inner][vc_column_inner][tm_spacer size=\u00bblg:120&#8243;][\/vc_column_inner][\/vc_row_inner][\/vc_column][\/vc_row][vc_row full_width=\u00bbstretch_row\u00bb lg_spacing=\u00bbpadding_top:122;padding_bottom:122&#8243;][vc_column offset=\u00bbvc_col-md-4&#8243;][tm_heading custom_google_font=\u00bb\u00bb text_color=\u00bbcustom\u00bb custom_text_color=\u00bb#333333&#8243; font_size=\u00bbsm:28;md:34;lg:40&#8243; line_height=\u00bb1.4&#8243;]Bases y Categor\u00edas<br \/>\nOficiales<mark> Robotics<br \/>\nLeague 2025<br \/>\n<\/mark>[\/tm_heading][tm_spacer size=\u00bblg:30&#8243;][tm_heading tag=\u00bbdiv\u00bb custom_google_font=\u00bb\u00bb]La Robotics League 2025 es una competencia educativa que integra rob\u00f3tica, programaci\u00f3n, electr\u00f3nica e inteligencia artificial para que estudiantes desarrollen proyectos creativos y pr\u00e1cticos.<\/p>\n<p>En estas bases encontrar\u00e1s las reglas y requisitos para participar, as\u00ed como gu\u00edas para usar herramientas como Arduino, LEGO y IA generativa, promoviendo la innovaci\u00f3n y el aprendizaje STEAM.[\/tm_heading][tm_spacer size=\u00bblg:40&#8243;][tm_button size=\u00bbcustom\u00bb button=\u00bburl:https%3A%2F%2Feditorialip.com%2Ftienda%2Fcontactanos%2F|title:ESCRIBENOS\u00bb color=\u00bbcustom\u00bb button_bg_color=\u00bbcustom\u00bb title=\u00bb\u00bb custom_button_bg_color=\u00bb#59B155&#8243; text_font_size=\u00bblg:14&#8243; width=\u00bb180&#8243; height=\u00bb56&#8243;][tm_spacer size=\u00bblg:60&#8243;][tm_heading custom_google_font=\u00bb\u00bb text_color=\u00bbcustom\u00bb custom_text_color=\u00bb#FF7E00&#8243; font_size=\u00bbsm:18;md:24;lg:30&#8243; line_height=\u00bb1.5&#8243;]Misiones que conectan<br \/>\nel pasado incaico con la<br \/>\ntecnolog\u00eda del futuro.[\/tm_heading][\/vc_column][vc_column offset=\u00bbvc_col-md-8&#8243;][tm_grid centered_items=\u00bb1&#8243; columns=\u00bbxs:1;lg:2&#8243; column_gutter=\u00bblg:30&#8243; row_gutter=\u00bblg:52&#8243; item_max_width=\u00bblg:310&#8243;][tm_team_member el_class=\u00bbcomunidad\u00bb tooltip_enable=\u00bb1&#8243; tooltip_skin=\u00bbsecondary\u00bb social_networks=\u00bb%5B%7B%22icon_type%22%3A%22fontawesome5%22%2C%22icon_fontawesome5%22%3A%22fa-solid%20fa-circle-down%22%2C%22icon_ion%22%3A%22ion-alert%22%2C%22icon_linea%22%3A%22linea-arrows-anticlockwise%22%2C%22icon_linea_svg%22%3A%22linea-arrows-anticlockwise%22%2C%22link%22%3A%22https%3A%2F%2Feditorialip.ssi-soluciones.com%2Fwp-content%2Fuploads%2F2025%2F09%2F3-BASES-ROBOTICS-LEAGUE-2025-LABERINTO-CHINKANA-CHALLENGE.pdf%22%2C%22title%22%3A%22descargar%20PDF%22%7D%5D\u00bb name=\u00bbLABERINTO\u00bb position=\u00bbCHINKANA CHALLENGE\u00bb photo=\u00bb3542&#8243;][tm_team_member el_class=\u00bbcomunidad\u00bb tooltip_enable=\u00bb1&#8243; tooltip_skin=\u00bbsecondary\u00bb social_networks=\u00bb%5B%7B%22icon_type%22%3A%22fontawesome5%22%2C%22icon_fontawesome5%22%3A%22fa-solid%20fa-circle-down%22%2C%22icon_ion%22%3A%22ion-alert%22%2C%22icon_linea%22%3A%22linea-arrows-anticlockwise%22%2C%22icon_linea_svg%22%3A%22linea-arrows-anticlockwise%22%2C%22link%22%3A%22https%3A%2F%2Feditorialip.ssi-soluciones.com%2Fwp-content%2Fuploads%2F2025%2F09%2F2-BASES-ROBOTICS-LEAGUE-2025-MESA-PRIMARIA-OPERACION-SACSAYHUAMAN.pdf%22%2C%22title%22%3A%22descargar%20PDF%22%7D%5D\u00bb name=\u00bbMESA DE COMPETENCIA PRIMARIA\u00bb position=\u00bbOPERACI\u00d3N SACSAYHUAM\u00c1N\u00bb photo=\u00bb3544&#8243;][tm_team_member el_class=\u00bbcomunidad\u00bb tooltip_enable=\u00bb1&#8243; tooltip_skin=\u00bbsecondary\u00bb social_networks=\u00bb%5B%7B%22icon_type%22%3A%22fontawesome5%22%2C%22icon_fontawesome5%22%3A%22fa-solid%20fa-circle-down%22%2C%22icon_ion%22%3A%22ion-alert%22%2C%22icon_linea%22%3A%22linea-arrows-anticlockwise%22%2C%22icon_linea_svg%22%3A%22linea-arrows-anticlockwise%22%2C%22link%22%3A%22https%3A%2F%2Feditorialip.ssi-soluciones.com%2Fwp-content%2Fuploads%2F2025%2F09%2FBASES-ROBOTICS-LEAGUE-2025-ARDUINO-IA.pdf%22%2C%22title%22%3A%22descargar%20PDF%22%7D%5D\u00bb name=\u00bbARDUINO SECUNDARIA\u00bb position=\u00bbC\u00d3DIGO DE LUZ\u00bb photo=\u00bb3545&#8243;][tm_team_member el_class=\u00bbmember\u00bb tooltip_enable=\u00bb1&#8243; tooltip_skin=\u00bbsecondary\u00bb social_networks=\u00bb%5B%7B%22icon_type%22%3A%22fontawesome5%22%2C%22icon_fontawesome5%22%3A%22fa-solid%20fa-circle-down%22%2C%22icon_ion%22%3A%22ion-alert%22%2C%22icon_linea%22%3A%22linea-arrows-anticlockwise%22%2C%22icon_linea_svg%22%3A%22linea-arrows-anticlockwise%22%2C%22link%22%3A%22https%3A%2F%2Feditorialip.ssi-soluciones.com%2Fwp-content%2Fuploads%2F2025%2F09%2F1-DESAFIO-STEAM-IA-BASES-ROBOTICS-LEAGUE-2025-Editorial-IP.pdf%22%2C%22title%22%3A%22descargar%20PDF%22%7D%5D\u00bb name=\u00bbDESAFIO STEAM + IA\u00bb position=\u00bbSECRETOS DEL QORIKANCHA\u00bb photo=\u00bb3546&#8243;][\/tm_grid][\/vc_column][\/vc_row]<\/p>\n<\/div>","protected":false},"excerpt":{"rendered":"<p>[vc_row full_width=\u00bbstretch_row\u00bb][vc_column][vc_row_inner][vc_column_inner][\/vc_column_inner][\/vc_row_inner][\/vc_column][\/vc_row][vc_row full_width=\u00bbstretch_row\u00bb background_color=\u00bbcustom\u00bb custom_background_color=\u00bb#f8fbfe\u00bb][vc_column][tm_spacer size=\u00bblg:70&#8243;][tm_heading custom_google_font=\u00bb\u00bb font_size=\u00bbsm:28;md:34;lg:40&#8243; line_height=\u00bb1.4&#8243;]Conoce m\u00e1s sobre Robotics League[\/tm_heading][tm_spacer size=\u00bblg:32&#8243;][\/vc_column][vc_column][vc_row_inner][vc_column_inner offset=\u00bbvc_col-lg-6 vc_col-md-12 vc_col-xs-12&#8243;][tm_popup_video style=\u00bbposter-02&#8243; image_size=\u00bbcustom\u00bb button_color=\u00bbcustom\u00bb custom_button_color=\u00bb#086ad8&#8243; poster=\u00bb3164&#8243; video=\u00bbhttps:\/\/www.youtube.com\/watch?v=rTJrKfB44E8&#8243; image_size_width=\u00bb569&#8243; image_size_height=\u00bb350&#8243;][tm_spacer size=\u00bblg:32&#8243;][vc_column_text css=\u00bb\u00bb] Inspira a tus estudiantes a crear, programar y descubrir Porque el futuro se construye conectando pasado y tecnolog\u00eda en cada proyecto. [\/vc_column_text][\/vc_column_inner][vc_column_inner offset=\u00bbvc_col-lg-1 vc_col-md-1 vc_col-xs-1&#8243;][\/vc_column_inner][vc_column_inner offset=\u00bbvc_col-lg-5 vc_col-md-12 vc_col-xs-12&#8243;][tm_spacer size=\u00bbxs:40;sm:40;md:40;lg:0&#8243;][tm_heading custom_google_font=\u00bb\u00bb google_fonts=\u00bbfont_family:Poppins%3A300%2Cregular%2C500%2C600%2C700|font_style:500%20medium%20regular%3A500%3Anormal\u00bb md_align=\u00bbleft\u00bb sm_align=\u00bbleft\u00bb xs_align=\u00bbleft\u00bb text_color=\u00bbcustom\u00bb custom_text_color=\u00bb#333333&#8243; font_size=\u00bblg:34&#8243; line_height=\u00bb1.41&#8243;]La Liga que Impulsa la Rob\u00f3tica Educativa en Per\u00fa[\/tm_heading][tm_spacer size=\u00bblg:16&#8243;][tm_heading tag=\u00bbdiv\u00bb custom_google_font=\u00bb\u00bb md_align=\u00bbleft\u00bb sm_align=\u00bbleft\u00bb xs_align=\u00bbleft\u00bb text_color=\u00bbcustom\u00bb custom_text_color=\u00bb#696969&#8243; font_size=\u00bblg:18&#8243; line_height=\u00bb1.67&#8243;]Nuestro concurso interescolar STEAM re\u00fane a estudiantes de diversas regiones para innovar y aprender. Mediante retos que integran historia, ciencia y tecnolog\u00eda, fomenta pensamiento computacional, programaci\u00f3n con Arduino e Inteligencia Artificial responsable. Impulsa el talento, el trabajo en equipo y conecta saberes ancestrales con tecnolog\u00edas emergentes, preparando a las nuevas generaciones para convertir ideas en proyectos reales.\u201d[\/tm_heading][tm_spacer size=\u00bblg:32&#8243;][tm_button size=\u00bbcustom\u00bb button=\u00bburl:https%3A%2F%2Feditorialip.com%2Ftienda%2Fcontactanos%2F|title:ESCRIBENOS\u00bb color=\u00bbcustom\u00bb button_bg_color=\u00bbcustom\u00bb title=\u00bb\u00bb custom_button_bg_color=\u00bb#59B155&#8243; text_font_size=\u00bblg:14&#8243; width=\u00bb180&#8243; height=\u00bb56&#8243;][\/vc_column_inner][vc_column_inner][tm_spacer size=\u00bblg:120&#8243;][\/vc_column_inner][\/vc_row_inner][\/vc_column][\/vc_row][vc_row full_width=\u00bbstretch_row\u00bb lg_spacing=\u00bbpadding_top:122;padding_bottom:122&#8243;][vc_column offset=\u00bbvc_col-md-4&#8243;][tm_heading custom_google_font=\u00bb\u00bb text_color=\u00bbcustom\u00bb custom_text_color=\u00bb#333333&#8243; font_size=\u00bbsm:28;md:34;lg:40&#8243; line_height=\u00bb1.4&#8243;]Bases y Categor\u00edas Oficiales Robotics League 2025 [\/tm_heading][tm_spacer size=\u00bblg:30&#8243;][tm_heading tag=\u00bbdiv\u00bb custom_google_font=\u00bb\u00bb]La Robotics League 2025 es una competencia educativa que integra rob\u00f3tica, programaci\u00f3n, electr\u00f3nica e inteligencia artificial para que estudiantes desarrollen proyectos creativos y pr\u00e1cticos. En estas bases encontrar\u00e1s las reglas y requisitos para participar, as\u00ed como gu\u00edas para usar herramientas como Arduino, LEGO y IA generativa, promoviendo la innovaci\u00f3n y el aprendizaje STEAM.[\/tm_heading][tm_spacer size=\u00bblg:40&#8243;][tm_button size=\u00bbcustom\u00bb button=\u00bburl:https%3A%2F%2Feditorialip.com%2Ftienda%2Fcontactanos%2F|title:ESCRIBENOS\u00bb color=\u00bbcustom\u00bb button_bg_color=\u00bbcustom\u00bb title=\u00bb\u00bb custom_button_bg_color=\u00bb#59B155&#8243; text_font_size=\u00bblg:14&#8243; width=\u00bb180&#8243; height=\u00bb56&#8243;][tm_spacer size=\u00bblg:60&#8243;][tm_heading custom_google_font=\u00bb\u00bb text_color=\u00bbcustom\u00bb custom_text_color=\u00bb#FF7E00&#8243; font_size=\u00bbsm:18;md:24;lg:30&#8243; line_height=\u00bb1.5&#8243;]Misiones que conectan el pasado incaico con la tecnolog\u00eda del futuro.[\/tm_heading][\/vc_column][vc_column offset=\u00bbvc_col-md-8&#8243;][tm_grid centered_items=\u00bb1&#8243; columns=\u00bbxs:1;lg:2&#8243; column_gutter=\u00bblg:30&#8243; row_gutter=\u00bblg:52&#8243; item_max_width=\u00bblg:310&#8243;][tm_team_member el_class=\u00bbcomunidad\u00bb tooltip_enable=\u00bb1&#8243; tooltip_skin=\u00bbsecondary\u00bb social_networks=\u00bb%5B%7B%22icon_type%22%3A%22fontawesome5%22%2C%22icon_fontawesome5%22%3A%22fa-solid%20fa-circle-down%22%2C%22icon_ion%22%3A%22ion-alert%22%2C%22icon_linea%22%3A%22linea-arrows-anticlockwise%22%2C%22icon_linea_svg%22%3A%22linea-arrows-anticlockwise%22%2C%22link%22%3A%22https%3A%2F%2Feditorialip.ssi-soluciones.com%2Fwp-content%2Fuploads%2F2025%2F09%2F3-BASES-ROBOTICS-LEAGUE-2025-LABERINTO-CHINKANA-CHALLENGE.pdf%22%2C%22title%22%3A%22descargar%20PDF%22%7D%5D\u00bb name=\u00bbLABERINTO\u00bb position=\u00bbCHINKANA CHALLENGE\u00bb photo=\u00bb3542&#8243;][tm_team_member el_class=\u00bbcomunidad\u00bb tooltip_enable=\u00bb1&#8243; tooltip_skin=\u00bbsecondary\u00bb social_networks=\u00bb%5B%7B%22icon_type%22%3A%22fontawesome5%22%2C%22icon_fontawesome5%22%3A%22fa-solid%20fa-circle-down%22%2C%22icon_ion%22%3A%22ion-alert%22%2C%22icon_linea%22%3A%22linea-arrows-anticlockwise%22%2C%22icon_linea_svg%22%3A%22linea-arrows-anticlockwise%22%2C%22link%22%3A%22https%3A%2F%2Feditorialip.ssi-soluciones.com%2Fwp-content%2Fuploads%2F2025%2F09%2F2-BASES-ROBOTICS-LEAGUE-2025-MESA-PRIMARIA-OPERACION-SACSAYHUAMAN.pdf%22%2C%22title%22%3A%22descargar%20PDF%22%7D%5D\u00bb name=\u00bbMESA DE COMPETENCIA PRIMARIA\u00bb position=\u00bbOPERACI\u00d3N SACSAYHUAM\u00c1N\u00bb photo=\u00bb3544&#8243;][tm_team_member el_class=\u00bbcomunidad\u00bb tooltip_enable=\u00bb1&#8243; tooltip_skin=\u00bbsecondary\u00bb social_networks=\u00bb%5B%7B%22icon_type%22%3A%22fontawesome5%22%2C%22icon_fontawesome5%22%3A%22fa-solid%20fa-circle-down%22%2C%22icon_ion%22%3A%22ion-alert%22%2C%22icon_linea%22%3A%22linea-arrows-anticlockwise%22%2C%22icon_linea_svg%22%3A%22linea-arrows-anticlockwise%22%2C%22link%22%3A%22https%3A%2F%2Feditorialip.ssi-soluciones.com%2Fwp-content%2Fuploads%2F2025%2F09%2FBASES-ROBOTICS-LEAGUE-2025-ARDUINO-IA.pdf%22%2C%22title%22%3A%22descargar%20PDF%22%7D%5D\u00bb name=\u00bbARDUINO SECUNDARIA\u00bb position=\u00bbC\u00d3DIGO DE LUZ\u00bb photo=\u00bb3545&#8243;][tm_team_member el_class=\u00bbmember\u00bb tooltip_enable=\u00bb1&#8243; tooltip_skin=\u00bbsecondary\u00bb social_networks=\u00bb%5B%7B%22icon_type%22%3A%22fontawesome5%22%2C%22icon_fontawesome5%22%3A%22fa-solid%20fa-circle-down%22%2C%22icon_ion%22%3A%22ion-alert%22%2C%22icon_linea%22%3A%22linea-arrows-anticlockwise%22%2C%22icon_linea_svg%22%3A%22linea-arrows-anticlockwise%22%2C%22link%22%3A%22https%3A%2F%2Feditorialip.ssi-soluciones.com%2Fwp-content%2Fuploads%2F2025%2F09%2F1-DESAFIO-STEAM-IA-BASES-ROBOTICS-LEAGUE-2025-Editorial-IP.pdf%22%2C%22title%22%3A%22descargar%20PDF%22%7D%5D\u00bb name=\u00bbDESAFIO STEAM + IA\u00bb position=\u00bbSECRETOS DEL QORIKANCHA\u00bb photo=\u00bb3546&#8243;][\/tm_grid][\/vc_column][\/vc_row]<\/p>\n","protected":false},"author":1,"featured_media":0,"parent":0,"menu_order":0,"comment_status":"closed","ping_status":"closed","template":"","meta":{"_joinchat":[],"footnotes":""},"class_list":["post-3505","page","type-page","status-publish","hentry","post-no-thumbnail"],"_links":{"self":[{"href":"https:\/\/editorialip.com\/tienda\/wp-json\/wp\/v2\/pages\/3505","targetHints":{"allow":["GET"]}}],"collection":[{"href":"https:\/\/editorialip.com\/tienda\/wp-json\/wp\/v2\/pages"}],"about":[{"href":"https:\/\/editorialip.com\/tienda\/wp-json\/wp\/v2\/types\/page"}],"author":[{"embeddable":true,"href":"https:\/\/editorialip.com\/tienda\/wp-json\/wp\/v2\/users\/1"}],"replies":[{"embeddable":true,"href":"https:\/\/editorialip.com\/tienda\/wp-json\/wp\/v2\/comments?post=3505"}],"version-history":[{"count":25,"href":"https:\/\/editorialip.com\/tienda\/wp-json\/wp\/v2\/pages\/3505\/revisions"}],"predecessor-version":[{"id":3891,"href":"https:\/\/editorialip.com\/tienda\/wp-json\/wp\/v2\/pages\/3505\/revisions\/3891"}],"wp:attachment":[{"href":"https:\/\/editorialip.com\/tienda\/wp-json\/wp\/v2\/media?parent=3505"}],"curies":[{"name":"wp","href":"https:\/\/api.w.org\/{rel}","templated":true}]}}