{"id":3723,"date":"2025-09-15T22:08:37","date_gmt":"2025-09-15T22:08:37","guid":{"rendered":"https:\/\/editorialip.ssi-soluciones.com\/?post_type=product&#038;p=3723"},"modified":"2026-02-11T21:29:16","modified_gmt":"2026-02-11T21:29:16","slug":"en-linea-kids-1","status":"publish","type":"product","link":"https:\/\/editorialip.com\/tienda\/product\/en-linea-kids-1\/","title":{"rendered":"En Linea Kids 3"},"content":{"rendered":"<div class=\"wpb-content-wrapper\"><p>[vc_row][vc_column][vc_column_text css=\u00bb\u00bb]<\/p>\n<div style=\"font-family: Satoshi, sans-serif;\">\n<h1 style=\"color: #2672c7; font-size: 26px; font-weight: bold; margin-bottom: 15px;\">Primeros pasos hacia un futuro STEAM<\/h1>\n<p style=\"color: #888888; font-size: 15px; line-height: 1.6;\">Nuestra colecci\u00f3n de textos del nivel Inicial acompa\u00f1a a los m\u00e1s peque\u00f1os en sus primeros pasos en la programaci\u00f3n y el pensamiento computacional, despertando su curiosidad y fomentando habilidades como el reconocimiento de patrones, la toma de decisiones y la resoluci\u00f3n creativa de problemas.<\/p>\n<\/div>\n<p>[\/vc_column_text][\/vc_column][\/vc_row]<\/p>\n<\/div>","protected":false},"excerpt":{"rendered":"<p>[vc_row][vc_column][vc_column_text css=\u00bb\u00bb] Primeros pasos hacia un futuro STEAM Nuestra colecci\u00f3n de textos del nivel Inicial acompa\u00f1a a los m\u00e1s peque\u00f1os en sus primeros pasos en la programaci\u00f3n y el pensamiento computacional, despertando su curiosidad y fomentando habilidades como el reconocimiento de patrones, la toma de decisiones y la resoluci\u00f3n creativa de problemas. [\/vc_column_text][\/vc_column][\/vc_row]<\/p>\n","protected":false},"featured_media":3729,"comment_status":"closed","ping_status":"closed","template":"","meta":{"_joinchat":[]},"product_brand":[],"product_cat":[69],"product_tag":[],"class_list":{"0":"post-3723","1":"product","2":"type-product","3":"status-publish","4":"has-post-thumbnail","6":"product_cat-en_linea_kids","8":"first","9":"instock","10":"sold-individually","11":"shipping-taxable","12":"purchasable","13":"product-type-simple"},"_links":{"self":[{"href":"https:\/\/editorialip.com\/tienda\/wp-json\/wp\/v2\/product\/3723","targetHints":{"allow":["GET"]}}],"collection":[{"href":"https:\/\/editorialip.com\/tienda\/wp-json\/wp\/v2\/product"}],"about":[{"href":"https:\/\/editorialip.com\/tienda\/wp-json\/wp\/v2\/types\/product"}],"replies":[{"embeddable":true,"href":"https:\/\/editorialip.com\/tienda\/wp-json\/wp\/v2\/comments?post=3723"}],"wp:featuredmedia":[{"embeddable":true,"href":"https:\/\/editorialip.com\/tienda\/wp-json\/wp\/v2\/media\/3729"}],"wp:attachment":[{"href":"https:\/\/editorialip.com\/tienda\/wp-json\/wp\/v2\/media?parent=3723"}],"wp:term":[{"taxonomy":"product_brand","embeddable":true,"href":"https:\/\/editorialip.com\/tienda\/wp-json\/wp\/v2\/product_brand?post=3723"},{"taxonomy":"product_cat","embeddable":true,"href":"https:\/\/editorialip.com\/tienda\/wp-json\/wp\/v2\/product_cat?post=3723"},{"taxonomy":"product_tag","embeddable":true,"href":"https:\/\/editorialip.com\/tienda\/wp-json\/wp\/v2\/product_tag?post=3723"}],"curies":[{"name":"wp","href":"https:\/\/api.w.org\/{rel}","templated":true}]}}